{"id":602,"date":"2014-11-10T19:57:28","date_gmt":"2014-11-10T19:57:28","guid":{"rendered":"http:\/\/remis.me.uk\/?page_id=602"},"modified":"2022-02-02T14:25:32","modified_gmt":"2022-02-02T14:25:32","slug":"downloads","status":"publish","type":"page","link":"http:\/\/www.remis.me.uk\/?page_id=602","title":{"rendered":"Downloads"},"content":{"rendered":"\n<p class=\"has-text-align-center\">===========================================================================<\/p>\n\n\n\n<h4 class=\"wp-block-heading\" id=\"english-downloads\"><strong>English downloads<\/strong><\/h4>\n\n\n\n<p class=\"has-text-align-center\">===========================================================================<\/p>\n\n\n\n<p><a href=\"http:\/\/www.remis.me.uk\/wp-content\/uploads\/2022\/02\/Room-rent-Tenancy-agreement-Sep-2021-blank.pdf\" target=\"_blank\" rel=\"noreferrer noopener\">Room rent Tenancy agreement Sep 2021 &#8211; blank<\/a> (.pdf)<\/p>\n\n\n\n<p><a href=\"http:\/\/www.remis.me.uk\/wp-content\/uploads\/2018\/03\/Advises-to-future-Co-Founders-Mar-2018.pdf\" target=\"_blank\" rel=\"noopener noreferrer\">Advises to future Co-Founders Mar 2018<\/a> (.pdf)<\/p>\n\n\n\n<p><a href=\"http:\/\/remis.me.uk\/wp-content\/uploads\/2014\/11\/Screenplay-writing-tips-by-Remi-May-2015.pdf\" target=\"_blank\" rel=\"noopener noreferrer\">Screenplay writing tips by Remi &#8211; May 2015<\/a>&nbsp;(.pdf)<\/p>\n\n\n\n<p class=\"has-text-align-center\"><del><strong>MMMMMMMMMMMMMMMMMMMMMMMMMMMMMM<\/strong><\/del><\/p>\n\n\n\n<h4 class=\"wp-block-heading\" id=\"lietuviski-siuntiniai\"><strong>Lietuvi\u0161ki siuntiniai<\/strong><\/h4>\n\n\n\n<p class=\"has-text-align-center\">===========================================================================<\/p>\n\n\n\n<p class=\"has-text-align-left\"><a href=\"http:\/\/remis.me.uk\/wp-content\/uploads\/2014\/11\/Padeka-pasveikinimas-Mokytojui-autorius-Remigijus-Miciulis-2015.pdf\" target=\"_blank\" rel=\"noopener noreferrer\">Pad\u0117ka &#8211; pasveikinimas Mokytojui &#8211; autorius Remigijus Mi\u010diulis &#8211; 2015<\/a>&nbsp;(.pdf)<\/p>\n\n\n\n<p><a href=\"http:\/\/remis.me.uk\/wp-content\/uploads\/2014\/11\/Scenarijus-Spalvoti-Seseliai-reklamine-istrauka-2014-Spalis.pdf\" target=\"_blank\" rel=\"noopener noreferrer\">Scenarijus Spalvoti \u0160e\u0161\u0117liai &#8211; reklamine i\u0161trauka 2014 Spalis<\/a>&nbsp;(.pdf)<\/p>\n\n\n\n<p><a href=\"http:\/\/remis.me.uk\/wp-content\/uploads\/2014\/11\/Lietuvisko-Filmo-Scenarijaus-ypatumai-2012.pdf\" target=\"_blank\" rel=\"noopener noreferrer\">Lietuvi\u0161ko-Filmo-Scenarijaus-ypatumai-2012<\/a>&nbsp;(.pdf)<\/p>\n\n\n\n<p class=\"has-text-align-center\"><del><strong>MMMMMMMMMMMMMMMMMMMMMMMMMMMMMM<\/strong><\/del><\/p>\n\n\n\n<h4 class=\"wp-block-heading\" id=\"\u0440\u0443\u0441\u0441\u043a\u0438e-\u0437\u0430\u0433\u0440\u0443\u0437\u043a\u0438\"><strong>\u0420\u0443\u0441\u0441\u043a\u0438e \u0437\u0430\u0433\u0440\u0443\u0437\u043a\u0438<\/strong><\/h4>\n\n\n\n<p class=\"has-text-align-center\">===========================================================================<\/p>\n\n\n\n<p><a href=\"http:\/\/remis.me.uk\/wp-content\/uploads\/2014\/11\/Pozdravlenie-Pozdravliaju-ya-tebya-Remi-Miciulis-Mart-2008.pdf\" target=\"_blank\" rel=\"noopener noreferrer\">Pozdravlenie &#8211; Pozdravliaju ya tebya &#8211; Remi Miciulis &#8211; Mart 2008<\/a>&nbsp;(.pdf)<\/p>\n\n\n\n<p class=\"has-text-align-center\">===========================================================================<\/p>\n\n\n\n<div class=\"wp-block-image\"><figure class=\"aligncenter\"><a href=\"http:\/\/remis.me.uk\/wp-content\/uploads\/2014\/11\/Remi-wallpaper-2012-17.jpg\" target=\"_blank\" rel=\"noopener noreferrer\"><img loading=\"lazy\" decoding=\"async\" width=\"300\" height=\"188\" src=\"http:\/\/remis.me.uk\/wp-content\/uploads\/2014\/11\/Remi-wallpaper-2012-17-300x188.jpg\" alt=\"\" class=\"wp-image-711\" title=\"Remi-wallpaper-2012-17\" srcset=\"http:\/\/www.remis.me.uk\/wp-content\/uploads\/2014\/11\/Remi-wallpaper-2012-17-300x188.jpg 300w, http:\/\/www.remis.me.uk\/wp-content\/uploads\/2014\/11\/Remi-wallpaper-2012-17-1024x640.jpg 1024w, http:\/\/www.remis.me.uk\/wp-content\/uploads\/2014\/11\/Remi-wallpaper-2012-17-900x563.jpg 900w, http:\/\/www.remis.me.uk\/wp-content\/uploads\/2014\/11\/Remi-wallpaper-2012-17.jpg 1920w\" sizes=\"auto, (max-width: 300px) 100vw, 300px\" \/><\/a><\/figure><\/div>\n","protected":false},"excerpt":{"rendered":"<p>=========================================================================== English downloads =========================================================================== Room rent Tenancy agreement Sep 2021 &#8211; blank (.pdf) Advises to future Co-Founders Mar 2018 (.pdf) Screenplay writing tips by Remi &#8211; May 2015&nbsp;(.pdf) MMMMMMMMMMMMMMMMMMMMMMMMMMMMMM Lietuvi\u0161ki siuntiniai =========================================================================== Pad\u0117ka &#8211; pasveikinimas Mokytojui &#8211; autorius Remigijus Mi\u010diulis &#8211; 2015&nbsp;(.pdf) Scenarijus Spalvoti \u0160e\u0161\u0117liai &#8211; reklamine i\u0161trauka 2014 Spalis&nbsp;(.pdf) Lietuvi\u0161ko-Filmo-Scenarijaus-ypatumai-2012&nbsp;(.pdf) MMMMMMMMMMMMMMMMMMMMMMMMMMMMMM \u0420\u0443\u0441\u0441\u043a\u0438e \u0437\u0430\u0433\u0440\u0443\u0437\u043a\u0438 =========================================================================== [&hellip;]<\/p>\n","protected":false},"author":2,"featured_media":0,"parent":0,"menu_order":5,"comment_status":"closed","ping_status":"closed","template":"","meta":{"footnotes":""},"class_list":["post-602","page","type-page","status-publish","hentry"],"_links":{"self":[{"href":"http:\/\/www.remis.me.uk\/index.php?rest_route=\/wp\/v2\/pages\/602","targetHints":{"allow":["GET"]}}],"collection":[{"href":"http:\/\/www.remis.me.uk\/index.php?rest_route=\/wp\/v2\/pages"}],"about":[{"href":"http:\/\/www.remis.me.uk\/index.php?rest_route=\/wp\/v2\/types\/page"}],"author":[{"embeddable":true,"href":"http:\/\/www.remis.me.uk\/index.php?rest_route=\/wp\/v2\/users\/2"}],"replies":[{"embeddable":true,"href":"http:\/\/www.remis.me.uk\/index.php?rest_route=%2Fwp%2Fv2%2Fcomments&post=602"}],"version-history":[{"count":0,"href":"http:\/\/www.remis.me.uk\/index.php?rest_route=\/wp\/v2\/pages\/602\/revisions"}],"wp:attachment":[{"href":"http:\/\/www.remis.me.uk\/index.php?rest_route=%2Fwp%2Fv2%2Fmedia&parent=602"}],"curies":[{"name":"wp","href":"https:\/\/api.w.org\/{rel}","templated":true}]}}